{"id":8,"date":"2023-06-27T07:14:30","date_gmt":"2023-06-27T07:14:30","guid":{"rendered":"https:\/\/secmail.itveljet.fi\/?page_id=8"},"modified":"2024-04-04T13:33:18","modified_gmt":"2024-04-04T10:33:18","slug":"8-2","status":"publish","type":"page","link":"https:\/\/secmail.itveljet.fi\/","title":{"rendered":"Suomeksi"},"content":{"rendered":"<p>[et_pb_section fb_built=&#8221;1&#8243; _builder_version=&#8221;4.21.0&#8243; _module_preset=&#8221;default&#8221; global_colors_info=&#8221;{}&#8221;][et_pb_row _builder_version=&#8221;4.21.0&#8243; _module_preset=&#8221;default&#8221; global_colors_info=&#8221;{}&#8221;][et_pb_column type=&#8221;4_4&#8243; _builder_version=&#8221;4.21.0&#8243; _module_preset=&#8221;default&#8221; global_colors_info=&#8221;{}&#8221;][et_pb_image src=&#8221;https:\/\/www.kuopas.fi\/wp-content\/themes\/kuopas2021\/assets\/images\/logo.svg&#8221; _builder_version=&#8221;4.21.0&#8243; _module_preset=&#8221;default&#8221; width=&#8221;20%&#8221; width_tablet=&#8221;50%&#8221; width_phone=&#8221;52%&#8221; width_last_edited=&#8221;on|desktop&#8221; global_colors_info=&#8221;{}&#8221;][\/et_pb_image][et_pb_text _builder_version=&#8221;4.21.0&#8243; _module_preset=&#8221;default&#8221; global_colors_info=&#8221;{}&#8221;]<\/p>\n<p>T\u00e4ss\u00e4 portaalissa voit l\u00e4hett\u00e4\u00e4 salatun s\u00e4hk\u00f6postin Kuopion Opiskelija-asunnot Oy:lle. Viestin l\u00e4hett\u00e4misen j\u00e4lkeen suosittelemme selaimen v\u00e4limuistin tyhjent\u00e4mist\u00e4 ja ev\u00e4steiden poistamista, mik\u00e4li k\u00e4ytt\u00e4m\u00e4si tietokone on yleisess\u00e4 k\u00e4yt\u00f6ss\u00e4.<\/p>\n<p>This portal allows you to send secure encrypted emails to Kuopion Opiskelija-asunnot Oy. After sending the email we recommend erasing your browser&#8217;s cache and cookies if the computer is in public use.<\/p>\n<p>[\/et_pb_text][et_pb_contact_form captcha=&#8221;off&#8221; email=&#8221;dokumentit@kuopas.fi&#8221; custom_message=&#8221;Nimi: %%name%%||et_pb_line_break_holder||S\u00e4hk\u00f6posti: %%email%%||et_pb_line_break_holder||||et_pb_line_break_holder||Aihe: %%subject%%||et_pb_line_break_holder||Viesti: %%message%%||et_pb_line_break_holder||||et_pb_line_break_holder||#salattu&#8221; success_message=&#8221;<\/p>\n<table style=%22border-collapse: collapse; width: 100%; height: 10px;%22 border=%221%22>\n<tbody>\n<tr style=%22height: 10px;%22>\n<td style=%22width: 100%; height: 10px;%22>\n<p style=%22text-align: center;%22><span style=%22color: #008000;%22>Kiitos yhteydenotostasi!<\/span><br \/><span style=%22color: #008000;%22>Thank you for contacting us!<\/span><\/p>\n<p style=%22text-align: center;%22>Kuopion Opiskelija-asunnot Oy<\/p>\n<\/td>\n<\/tr>\n<\/tbody>\n<\/table>\n<p>&#8221; submit_button_text=&#8221;L\u00e4het\u00e4 | Send&#8221; _builder_version=&#8221;4.21.0&#8243; _module_preset=&#8221;default&#8221; _unique_id=&#8221;20572da2-9894-4158-bb63-8f1c668fc963&#8243; hover_enabled=&#8221;0&#8243; admin_email_subject=&#8221;%%subject%%&#8221; admin_email_from_name=&#8221;%%email%%&#8221; unique_views_cookie=&#8221;off&#8221; submit_button_wait_text=&#8221;. . . &#8221; file_button_background=&#8221;#046a38&#8243; file_button_color=&#8221;#ffffff&#8221; file_button_size=&#8221;15px&#8221; file_button_border_color=&#8221;RGBA(255,255,255,0)&#8221; file_button_border_style=&#8221;none&#8221; use_honeypot=&#8221;on&#8221; global_colors_info=&#8221;{}&#8221; sticky_enabled=&#8221;0&#8243;][et_pb_contact_field field_id=&#8221;Name&#8221; field_title=&#8221;Nimi | Name&#8221; _builder_version=&#8221;4.21.0&#8243; global_colors_info=&#8221;{}&#8221; button_text_size__hover_enabled=&#8221;off&#8221; button_one_text_size__hover_enabled=&#8221;off&#8221; button_two_text_size__hover_enabled=&#8221;off&#8221; button_text_color__hover_enabled=&#8221;off&#8221; button_one_text_color__hover_enabled=&#8221;off&#8221; button_two_text_color__hover_enabled=&#8221;off&#8221; button_border_width__hover_enabled=&#8221;off&#8221; button_one_border_width__hover_enabled=&#8221;off&#8221; button_two_border_width__hover_enabled=&#8221;off&#8221; button_border_color__hover_enabled=&#8221;off&#8221; button_one_border_color__hover_enabled=&#8221;off&#8221; button_two_border_color__hover_enabled=&#8221;off&#8221; button_border_radius__hover_enabled=&#8221;off&#8221; button_one_border_radius__hover_enabled=&#8221;off&#8221; button_two_border_radius__hover_enabled=&#8221;off&#8221; button_letter_spacing__hover_enabled=&#8221;off&#8221; button_one_letter_spacing__hover_enabled=&#8221;off&#8221; button_two_letter_spacing__hover_enabled=&#8221;off&#8221; button_bg_color__hover_enabled=&#8221;off&#8221; button_one_bg_color__hover_enabled=&#8221;off&#8221; button_two_bg_color__hover_enabled=&#8221;off&#8221;][\/et_pb_contact_field][et_pb_contact_field field_id=&#8221;Email&#8221; field_title=&#8221;S\u00e4hk\u00f6posti | Email&#8221; field_type=&#8221;email&#8221; _builder_version=&#8221;4.21.0&#8243; global_colors_info=&#8221;{}&#8221; button_text_size__hover_enabled=&#8221;off&#8221; button_one_text_size__hover_enabled=&#8221;off&#8221; button_two_text_size__hover_enabled=&#8221;off&#8221; button_text_color__hover_enabled=&#8221;off&#8221; button_one_text_color__hover_enabled=&#8221;off&#8221; button_two_text_color__hover_enabled=&#8221;off&#8221; button_border_width__hover_enabled=&#8221;off&#8221; button_one_border_width__hover_enabled=&#8221;off&#8221; button_two_border_width__hover_enabled=&#8221;off&#8221; button_border_color__hover_enabled=&#8221;off&#8221; button_one_border_color__hover_enabled=&#8221;off&#8221; button_two_border_color__hover_enabled=&#8221;off&#8221; button_border_radius__hover_enabled=&#8221;off&#8221; button_one_border_radius__hover_enabled=&#8221;off&#8221; button_two_border_radius__hover_enabled=&#8221;off&#8221; button_letter_spacing__hover_enabled=&#8221;off&#8221; button_one_letter_spacing__hover_enabled=&#8221;off&#8221; button_two_letter_spacing__hover_enabled=&#8221;off&#8221; button_bg_color__hover_enabled=&#8221;off&#8221; button_one_bg_color__hover_enabled=&#8221;off&#8221; button_two_bg_color__hover_enabled=&#8221;off&#8221;][\/et_pb_contact_field][et_pb_contact_field field_id=&#8221;Subject&#8221; field_title=&#8221;Aihe | Subject&#8221; fullwidth_field=&#8221;on&#8221; _builder_version=&#8221;4.21.0&#8243; _module_preset=&#8221;default&#8221; global_colors_info=&#8221;{}&#8221;][\/et_pb_contact_field][et_pb_contact_field field_id=&#8221;Message&#8221; field_title=&#8221;Viesti | Message&#8221; field_type=&#8221;text&#8221; fullwidth_field=&#8221;on&#8221; _builder_version=&#8221;4.21.0&#8243; global_colors_info=&#8221;{}&#8221; button_text_size__hover_enabled=&#8221;off&#8221; button_one_text_size__hover_enabled=&#8221;off&#8221; button_two_text_size__hover_enabled=&#8221;off&#8221; button_text_color__hover_enabled=&#8221;off&#8221; button_one_text_color__hover_enabled=&#8221;off&#8221; button_two_text_color__hover_enabled=&#8221;off&#8221; button_border_width__hover_enabled=&#8221;off&#8221; button_one_border_width__hover_enabled=&#8221;off&#8221; button_two_border_width__hover_enabled=&#8221;off&#8221; button_border_color__hover_enabled=&#8221;off&#8221; button_one_border_color__hover_enabled=&#8221;off&#8221; button_two_border_color__hover_enabled=&#8221;off&#8221; button_border_radius__hover_enabled=&#8221;off&#8221; button_one_border_radius__hover_enabled=&#8221;off&#8221; button_two_border_radius__hover_enabled=&#8221;off&#8221; button_letter_spacing__hover_enabled=&#8221;off&#8221; button_one_letter_spacing__hover_enabled=&#8221;off&#8221; button_two_letter_spacing__hover_enabled=&#8221;off&#8221; button_bg_color__hover_enabled=&#8221;off&#8221; button_one_bg_color__hover_enabled=&#8221;off&#8221; button_two_bg_color__hover_enabled=&#8221;off&#8221;][\/et_pb_contact_field][et_pb_contact_field field_id=&#8221;Files&#8221; field_title=&#8221;Liitteet&#8221; required_mark=&#8221;off&#8221; fullwidth_field=&#8221;on&#8221; _builder_version=&#8221;4.21.0&#8243; _module_preset=&#8221;default&#8221; hover_enabled=&#8221;0&#8243; use_file_upload=&#8221;on&#8221; file_size=&#8221;20480&#8243; files_limit=&#8221;6&#8243; file_mime=&#8221;on|on|on|off|off|off|off|off|off|off|off|off|off|off|off|off|off|off|off|off|off|off|off|off|off|off|off|off|off|off|off|off|off|off|off|off|off|off|off|off|off|off|off|off|off|on|off|off|off|off|off|off|off|off|on|off|off|off|off|off|on|off|off|off|on|off|off|off|off|off|off|off|off|off|off|off|off|off|off|off|off|off|off|off|off|off|off|off|off|off|off|off|off|off&#8221; global_colors_info=&#8221;{}&#8221; sticky_enabled=&#8221;0&#8243;][\/et_pb_contact_field][\/et_pb_contact_form][\/et_pb_column][\/et_pb_row][\/et_pb_section]<\/p>\n","protected":false},"excerpt":{"rendered":"<p>T\u00e4ss\u00e4 portaalissa voit l\u00e4hett\u00e4\u00e4 salatun s\u00e4hk\u00f6postin Kuopion Opiskelija-asunnot Oy:lle. Viestin l\u00e4hett\u00e4misen j\u00e4lkeen suosittelemme selaimen v\u00e4limuistin tyhjent\u00e4mist\u00e4 ja ev\u00e4steiden poistamista, mik\u00e4li k\u00e4ytt\u00e4m\u00e4si tietokone on yleisess\u00e4 k\u00e4yt\u00f6ss\u00e4. This portal allows you to send secure encrypted emails to Kuopion Opiskelija-asunnot Oy. After sending the email we recommend erasing your browser&#8217;s cache and cookies if the computer is in [&hellip;]<\/p>\n","protected":false},"author":1,"featured_media":0,"parent":0,"menu_order":0,"comment_status":"closed","ping_status":"closed","template":"page-template-blank.php","meta":{"_et_pb_use_builder":"on","_et_pb_old_content":"","_et_gb_content_width":"","footnotes":""},"class_list":["post-8","page","type-page","status-publish","hentry"],"_links":{"self":[{"href":"https:\/\/secmail.itveljet.fi\/index.php?rest_route=\/wp\/v2\/pages\/8"}],"collection":[{"href":"https:\/\/secmail.itveljet.fi\/index.php?rest_route=\/wp\/v2\/pages"}],"about":[{"href":"https:\/\/secmail.itveljet.fi\/index.php?rest_route=\/wp\/v2\/types\/page"}],"author":[{"embeddable":true,"href":"https:\/\/secmail.itveljet.fi\/index.php?rest_route=\/wp\/v2\/users\/1"}],"replies":[{"embeddable":true,"href":"https:\/\/secmail.itveljet.fi\/index.php?rest_route=%2Fwp%2Fv2%2Fcomments&post=8"}],"version-history":[{"count":39,"href":"https:\/\/secmail.itveljet.fi\/index.php?rest_route=\/wp\/v2\/pages\/8\/revisions"}],"predecessor-version":[{"id":1228,"href":"https:\/\/secmail.itveljet.fi\/index.php?rest_route=\/wp\/v2\/pages\/8\/revisions\/1228"}],"wp:attachment":[{"href":"https:\/\/secmail.itveljet.fi\/index.php?rest_route=%2Fwp%2Fv2%2Fmedia&parent=8"}],"curies":[{"name":"wp","href":"https:\/\/api.w.org\/{rel}","templated":true}]}}